{"id":18,"date":"2024-04-05T10:45:24","date_gmt":"2024-04-05T07:45:24","guid":{"rendered":"https:\/\/util.binario.ro\/?page_id=18"},"modified":"2024-04-11T10:56:16","modified_gmt":"2024-04-11T07:56:16","slug":"politica-in-domeniul-calitatii-mediului-sanatatii-si-secutitatii-ocupationale","status":"publish","type":"page","link":"https:\/\/utilnavorep.ro\/en\/politica-in-domeniul-calitatii-mediului-sanatatii-si-secutitatii-ocupationale\/","title":{"rendered":"The policy in the field of quality, environment, health and safety, and secutit\u0103\u021bii employment"},"content":{"rendered":"<p>0.3 DECLARA\u0162IA DIRECTORULUI GENERAL AL S.C. UTILNAVOREP S.A. CONSTAN\u0162A<br>PRIVIND POLITICA \u00ceN DOMENIUL CALIT\u0102\u0162II \u015eI MEDIULUI &#8211; 15.03.2017<\/p>\n\n\n\n<p>Directorul General al S.C. UTILNAVOREP S.A. CONSTAN\u0162A dispune implementarea \u015fi<br>sus\u0163inerea sistemului de management integrat calitate-mediu la toate nivelurile organiza\u0163iei \u00een<br>scopul identific\u0103rii \u015fi satisfacerii cerin\u0163elor \u015fi a\u015ftept\u0103rilor fiec\u0103rui client si prevenind poluarea<br>mediului, prin continua \u00eembun\u0103t\u0103\u0163ire a proceselor.<\/p>\n\n\n\n<p>SC UTILNAVOREP SA CONSTAN\u0162A furnizeaz\u0103 produse \u015fi servicii numai dup\u0103<br>\u00eendeplinirea tuturor reglement\u0103rilor legale, cerin\u0163elor din standardele ISO 9001 \u015fi ISO 14001,<br>standardelor, normelor \u015fi prescrip\u0163iilor tehnice reglementate, \u00een conformitate cu cerin\u0163ele \u015fi<br>a\u015ftept\u0103rile clientului, respect\u00e2nd mediul cu resursele lui naturale.<\/p>\n\n\n\n<p>Obiectivele principale urm\u0103rite de SC UTILNAVOREP SA CONSTAN\u0162A prin<br>dezvoltarea \u015fi implementarea sistemului de management al calit\u0103\u0163ii sunt: consolidarea firmei<br>pe pia\u0163a de specialitate, cre\u015fterea productivit\u0103\u0163ii muncii, motivarea \u015fi instruirea personalului<br>pentru calitate \u015fi m\u0103rirea nivelului de profit al organiza\u0163iei.<\/p>\n\n\n\n<p>Pentru functionarea sistemului de mediu, SC UTILNAVOREP SA CONSTAN\u0162A a stabilit<br>obiectivele generale \u015fi specifice \u00een scopul implement\u0103rii, men\u0163inerii \u015fi \u00eembun\u0103t\u0103\u0163irii unui sistem<br>de mediu, care sa asigure:<br>\u2013 respectarea prevederilor standardului de referin\u0163\u0103 SR EN ISO 14001:2005;<br>\u2013 reducerea \u015fi\/sau \u00eenl\u0103turarea impacturilor semnificative rezultate din activit\u0103\u0163ile,<br>produsele sau serviciile realizate pentru prevenirea polu\u0103rii mediului<\/p>\n\n\n\n<p>Clien\u0163ii no\u015ftri, reprezentan\u0163ii organismelor, autorit\u0103\u0163ilor \u00een domeniu au puse la dispozi\u0163ie, c\u00e2nd<br>solicit\u0103, toate documentele relevante referitoare la mediu.<\/p>\n\n\n\n<p>Directorul General al S.C. UTILNAVOREP S.A. CONSTAN\u0162A este responsabil pentru<br>implementarea \u015fi men\u0163inerea prezentei politici \u015fi nume\u015fte Reprezentantul Managementului<br>pentru sistemul de management integrat, care este \u015feful Compartimentului Calitate-Mediu<br>\u015eeful Compartimentului Calitate-Mediu are responsabilitatea evalu\u0103rii implement\u0103rii,<br>men\u0163inerii \u015fi \u00eembun\u0103t\u0103\u0163irii sistemului de management integrat \u015fi este investit cu autoritatea<br>final\u0103 s\u0103 ac\u0163ioneze \u00een numele Directorului General pentru rezolvarea oric\u0103ror divergen\u0163e \u00een<br>aplicarea sistemului de management al calit\u0103\u0163ii.<\/p>\n\n\n\n<p>Politica in domeniul calit\u0103tii \u015fi mediului se adreseaz\u0103 tuturor angaja\u0163ilor S.C.<br>UTILNAVOREP S.A. indiferent de locul de munc\u0103 sau de nivelul de preg\u0103tire al acestora.<br>\u00cendeplinirea sarcinilor de produc\u0163ie \u015fi aspectele financiare nu prevaleaz\u0103 fa\u0163\u0103 de cerin\u0163ele<br>sistemului de management integrat calitate-mediu.<\/p>\n\n\n\n<p>Prin prezenta, subsemnatul m\u0103 angajez s\u0103 asigur toate resursele materiale \u015fi umane<br>necesare implement\u0103rii, men\u0163inerii \u015fi \u00eembun\u0103t\u0103\u0163irii continue a sistemului de management<br>integrat calitate-mediu, respect\u0103rii cerin\u0163elor legale \u015fi de reglementare \u00een domeniul protec\u0163iei<br>mediului, precum \u015fi pentru prevenirea polu\u0103rii.<\/p>\n\n\n\n<p>DIRECTOR GENERAL,<br>Ing. Sorin Mitrea<\/p>","protected":false},"excerpt":{"rendered":"<p>0.3 DECLARA\u0162IA DIRECTORULUI GENERAL AL S.C. UTILNAVOREP S.A. CONSTAN\u0162APRIVIND POLITICA \u00ceN DOMENIUL CALIT\u0102\u0162II \u015eI MEDIULUI &#8211; 15.03.2017 Directorul General al S.C. UTILNAVOREP S.A. CONSTAN\u0162A dispune implementarea \u015fisus\u0163inerea sistemului de management integrat calitate-mediu la toate nivelurile organiza\u0163iei \u00eenscopul identific\u0103rii \u015fi satisfacerii cerin\u0163elor \u015fi a\u015ftept\u0103rilor fiec\u0103rui client si prevenind poluareamediului, prin continua \u00eembun\u0103t\u0103\u0163ire a proceselor. SC UTILNAVOREP&#8230;<\/p>","protected":false},"author":1,"featured_media":0,"parent":0,"menu_order":0,"comment_status":"closed","ping_status":"closed","template":"","meta":{"_monsterinsights_skip_tracking":false,"_monsterinsights_sitenote_active":false,"_monsterinsights_sitenote_note":"","_monsterinsights_sitenote_category":0,"footnotes":""},"class_list":["post-18","page","type-page","status-publish","hentry"],"_links":{"self":[{"href":"https:\/\/utilnavorep.ro\/en\/wp-json\/wp\/v2\/pages\/18"}],"collection":[{"href":"https:\/\/utilnavorep.ro\/en\/wp-json\/wp\/v2\/pages"}],"about":[{"href":"https:\/\/utilnavorep.ro\/en\/wp-json\/wp\/v2\/types\/page"}],"author":[{"embeddable":true,"href":"https:\/\/utilnavorep.ro\/en\/wp-json\/wp\/v2\/users\/1"}],"replies":[{"embeddable":true,"href":"https:\/\/utilnavorep.ro\/en\/wp-json\/wp\/v2\/comments?post=18"}],"version-history":[{"count":2,"href":"https:\/\/utilnavorep.ro\/en\/wp-json\/wp\/v2\/pages\/18\/revisions"}],"predecessor-version":[{"id":10258,"href":"https:\/\/utilnavorep.ro\/en\/wp-json\/wp\/v2\/pages\/18\/revisions\/10258"}],"wp:attachment":[{"href":"https:\/\/utilnavorep.ro\/en\/wp-json\/wp\/v2\/media?parent=18"}],"curies":[{"name":"wp","href":"https:\/\/api.w.org\/{rel}","templated":true}]}}